{"id":740,"date":"2025-11-12T23:12:47","date_gmt":"2025-11-12T22:12:47","guid":{"rendered":"https:\/\/avaland-themetalopera.com\/?page_id=740"},"modified":"2025-11-12T23:19:27","modified_gmt":"2025-11-12T22:19:27","slug":"partners","status":"publish","type":"page","link":"https:\/\/avaland-themetalopera.com\/index.php\/partners\/","title":{"rendered":"Partners"},"content":{"rendered":"\t\t<div data-elementor-type=\"wp-page\" data-elementor-id=\"740\" class=\"elementor elementor-740\" data-elementor-post-type=\"page\">\n\t\t\t\t<div class=\"elementor-element elementor-element-a442112 e-con-full e-flex e-con e-parent\" data-id=\"a442112\" data-element_type=\"container\" data-e-type=\"container\" data-settings=\"{&quot;background_background&quot;:&quot;classic&quot;}\">\n\t\t<div class=\"elementor-element elementor-element-b89a638 e-con-full e-flex e-con e-child\" data-id=\"b89a638\" data-element_type=\"container\" data-e-type=\"container\" data-settings=\"{&quot;background_motion_fx_translateY_effect&quot;:&quot;yes&quot;,&quot;background_motion_fx_translateY_speed&quot;:{&quot;unit&quot;:&quot;px&quot;,&quot;size&quot;:1,&quot;sizes&quot;:[]},&quot;background_motion_fx_opacity_effect&quot;:&quot;yes&quot;,&quot;background_motion_fx_translateY_affectedRange&quot;:{&quot;unit&quot;:&quot;%&quot;,&quot;size&quot;:&quot;&quot;,&quot;sizes&quot;:{&quot;start&quot;:0,&quot;end&quot;:100}},&quot;background_motion_fx_opacity_direction&quot;:&quot;out-in&quot;,&quot;background_motion_fx_opacity_level&quot;:{&quot;unit&quot;:&quot;px&quot;,&quot;size&quot;:10,&quot;sizes&quot;:[]},&quot;background_motion_fx_opacity_range&quot;:{&quot;unit&quot;:&quot;%&quot;,&quot;size&quot;:&quot;&quot;,&quot;sizes&quot;:{&quot;start&quot;:20,&quot;end&quot;:80}},&quot;background_motion_fx_devices&quot;:[&quot;desktop&quot;,&quot;tablet&quot;,&quot;mobile&quot;]}\">\n\t\t\t\t<div class=\"elementor-element elementor-element-32ff7fb elementor-widget__width-inherit elementor-invisible elementor-widget elementor-widget-image\" data-id=\"32ff7fb\" data-element_type=\"widget\" data-e-type=\"widget\" data-settings=\"{&quot;_animation&quot;:&quot;zoomIn&quot;,&quot;_animation_tablet&quot;:&quot;zoomIn&quot;}\" data-widget_type=\"image.default\">\n\t\t\t\t\t\t\t\t\t\t\t\t\t\t\t<img fetchpriority=\"high\" decoding=\"async\" width=\"1500\" height=\"650\" src=\"https:\/\/avaland-themetalopera.com\/wp-content\/uploads\/2025\/11\/Avaland_Partners.webp\" class=\"attachment-full size-full wp-image-751\" alt=\"\" srcset=\"https:\/\/avaland-themetalopera.com\/wp-content\/uploads\/2025\/11\/Avaland_Partners.webp 1500w, https:\/\/avaland-themetalopera.com\/wp-content\/uploads\/2025\/11\/Avaland_Partners-300x130.webp 300w, https:\/\/avaland-themetalopera.com\/wp-content\/uploads\/2025\/11\/Avaland_Partners-1024x444.webp 1024w, https:\/\/avaland-themetalopera.com\/wp-content\/uploads\/2025\/11\/Avaland_Partners-768x333.webp 768w\" sizes=\"(max-width: 1500px) 100vw, 1500px\" \/>\t\t\t\t\t\t\t\t\t\t\t\t\t\t\t<\/div>\n\t\t\t\t<\/div>\n\t\t<div class=\"elementor-element elementor-element-eb4f8cf e-con-full e-flex e-con e-child\" data-id=\"eb4f8cf\" data-element_type=\"container\" data-e-type=\"container\">\n\t\t<div class=\"elementor-element elementor-element-1a5ff0d e-con-full e-flex e-con e-child\" data-id=\"1a5ff0d\" data-element_type=\"container\" data-e-type=\"container\">\n\t\t\t\t<div class=\"elementor-element elementor-element-43f4c49 elementor-widget elementor-widget-heading\" data-id=\"43f4c49\" data-element_type=\"widget\" data-e-type=\"widget\" data-widget_type=\"heading.default\">\n\t\t\t\t\t<h2 class=\"elementor-heading-title elementor-size-default\">It's a pleasure to work with...<\/h2>\t\t\t\t<\/div>\n\t\t\t\t<\/div>\n\t\t<div class=\"elementor-element elementor-element-b84402b e-con-full e-flex e-con e-child\" data-id=\"b84402b\" data-element_type=\"container\" data-e-type=\"container\">\n\t\t<div class=\"elementor-element elementor-element-260a00a e-con-full e-flex e-con e-child\" data-id=\"260a00a\" data-element_type=\"container\" data-e-type=\"container\">\n\t\t\t\t<div class=\"elementor-element elementor-element-208f22a elementor-widget elementor-widget-text-editor\" data-id=\"208f22a\" data-element_type=\"widget\" data-e-type=\"widget\" data-widget_type=\"text-editor.default\">\n\t\t\t\t\t\t\t\t\t<p><a href=\"https:\/\/alchemium-prod.com\">Alchemium Production<\/a><\/p><p><a href=\"https:\/\/www.splinteringbookingagency.com\">Splintering<\/a><\/p>\t\t\t\t\t\t\t\t<\/div>\n\t\t\t\t<\/div>\n\t\t<div class=\"elementor-element elementor-element-8e1be05 e-con-full e-flex e-con e-child\" data-id=\"8e1be05\" data-element_type=\"container\" data-e-type=\"container\">\n\t\t\t\t<div class=\"elementor-element elementor-element-a42224f elementor-widget elementor-widget-image\" data-id=\"a42224f\" data-element_type=\"widget\" data-e-type=\"widget\" data-widget_type=\"image.default\">\n\t\t\t\t\t\t\t\t\t\t\t\t\t\t\t\t<a href=\"https:\/\/www.instagram.com\/talemewhy\/\">\n\t\t\t\t\t\t\t<img decoding=\"async\" width=\"140\" height=\"140\" src=\"https:\/\/avaland-themetalopera.com\/wp-content\/uploads\/2025\/11\/TaleMeWhy.webp\" class=\"attachment-thumbnail size-thumbnail wp-image-752\" alt=\"\" \/>\t\t\t\t\t\t\t\t<\/a>\n\t\t\t\t\t\t\t\t\t\t\t\t\t\t\t<\/div>\n\t\t\t\t<div class=\"elementor-element elementor-element-a8366c8 elementor-widget elementor-widget-text-editor\" data-id=\"a8366c8\" data-element_type=\"widget\" data-e-type=\"widget\" data-widget_type=\"text-editor.default\">\n\t\t\t\t\t\t\t\t\t<p><a href=\"https:\/\/www.instagram.com\/stanwd_artworks\/\">Stan W Decker\u00a0<\/a><\/p><p><a href=\"https:\/\/www.instagram.com\/umbramily_ink\/\">umbramily_ink<\/a><\/p>\t\t\t\t\t\t\t\t<\/div>\n\t\t\t\t<\/div>\n\t\t<div class=\"elementor-element elementor-element-090446f e-con-full e-flex e-con e-child\" data-id=\"090446f\" data-element_type=\"container\" data-e-type=\"container\">\n\t\t\t\t<div class=\"elementor-element elementor-element-197e165 elementor-widget elementor-widget-text-editor\" data-id=\"197e165\" data-element_type=\"widget\" data-e-type=\"widget\" data-widget_type=\"text-editor.default\">\n\t\t\t\t\t\t\t\t\t<p><img decoding=\"async\" class=\"alignnone size-full wp-image-756\" src=\"https:\/\/avaland-themetalopera.com\/wp-content\/uploads\/2025\/11\/joostvandenbroek.webp\" alt=\"\" width=\"200\" height=\"54\" \/><\/p><p><a href=\"https:\/\/joostvandenbroek.com\">Joost van den Broek<\/a> and<\/p><p><a href=\"https:\/\/sandlane.nl\">Sandlane Recording Facilities<\/a><\/p>\t\t\t\t\t\t\t\t<\/div>\n\t\t\t\t<\/div>\n\t\t\t\t<\/div>\n\t\t\t\t<\/div>\n\t\t<div class=\"elementor-element elementor-element-32041ae e-con-full e-flex e-con e-child\" data-id=\"32041ae\" data-element_type=\"container\" data-e-type=\"container\">\n\t\t<div class=\"elementor-element elementor-element-1abc473 e-con-full e-flex e-con e-child\" data-id=\"1abc473\" data-element_type=\"container\" data-e-type=\"container\">\n\t\t\t\t<div class=\"elementor-element elementor-element-7174279 elementor-widget elementor-widget-heading\" data-id=\"7174279\" data-element_type=\"widget\" data-e-type=\"widget\" data-widget_type=\"heading.default\">\n\t\t\t\t\t<h2 class=\"elementor-heading-title elementor-size-default\">Thanks to...<\/h2>\t\t\t\t<\/div>\n\t\t\t\t<\/div>\n\t\t<div class=\"elementor-element elementor-element-dec88b3 e-con-full e-flex e-con e-child\" data-id=\"dec88b3\" data-element_type=\"container\" data-e-type=\"container\">\n\t\t<div class=\"elementor-element elementor-element-2509016 e-con-full e-flex e-con e-child\" data-id=\"2509016\" data-element_type=\"container\" data-e-type=\"container\">\n\t\t\t\t<div class=\"elementor-element elementor-element-e0f665b elementor-widget elementor-widget-text-editor\" data-id=\"e0f665b\" data-element_type=\"widget\" data-e-type=\"widget\" data-widget_type=\"text-editor.default\">\n\t\t\t\t\t\t\t\t\t<p><a href=\"https:\/\/federationdesmusiquesmetalliques.com\/federation\/\">La F\u00e9d\u00e9rations des Musiques M\u00e9talliques<\/a><\/p>\t\t\t\t\t\t\t\t<\/div>\n\t\t\t\t<\/div>\n\t\t<div class=\"elementor-element elementor-element-8ac46d2 e-con-full e-flex e-con e-child\" data-id=\"8ac46d2\" data-element_type=\"container\" data-e-type=\"container\">\n\t\t\t\t<\/div>\n\t\t<div class=\"elementor-element elementor-element-1e2b8e8 e-con-full e-flex e-con e-child\" data-id=\"1e2b8e8\" data-element_type=\"container\" data-e-type=\"container\">\n\t\t\t\t<div class=\"elementor-element elementor-element-076d509 elementor-widget elementor-widget-text-editor\" data-id=\"076d509\" data-element_type=\"widget\" data-e-type=\"widget\" data-widget_type=\"text-editor.default\">\n\t\t\t\t\t\t\t\t\t<p><a href=\"https:\/\/kelibia.eu\/arbre\/surnames.htm\">Il \u00e9tait une fois les familles Kedous, Lebouc, Lenoir, Najar<\/a><\/p>\t\t\t\t\t\t\t\t<\/div>\n\t\t\t\t<\/div>\n\t\t\t\t<\/div>\n\t\t\t\t<div class=\"elementor-element elementor-element-5866c7f elementor-widget elementor-widget-spacer\" data-id=\"5866c7f\" data-element_type=\"widget\" data-e-type=\"widget\" data-widget_type=\"spacer.default\">\n\t\t\t\t\t\t\t<div class=\"elementor-spacer\">\n\t\t\t<div class=\"elementor-spacer-inner\"><\/div>\n\t\t<\/div>\n\t\t\t\t\t\t<\/div>\n\t\t\t\t<\/div>\n\t\t\t\t<\/div>\n\t\t\t\t<\/div>\n\t\t","protected":false},"excerpt":{"rendered":"<p>It&#8217;s a pleasure to work with&#8230; Alchemium Production Splintering Stan W Decker\u00a0 umbramily_ink Joost van den Broek and Sandlane Recording Facilities Thanks to&#8230; La F\u00e9d\u00e9rations des Musiques M\u00e9talliques Il \u00e9tait une fois les familles Kedous, Lebouc, Lenoir, Najar<\/p>\n","protected":false},"author":1,"featured_media":0,"parent":0,"menu_order":0,"comment_status":"closed","ping_status":"closed","template":"","meta":{"footnotes":""},"class_list":["post-740","page","type-page","status-publish","hentry"],"_links":{"self":[{"href":"https:\/\/avaland-themetalopera.com\/index.php\/wp-json\/wp\/v2\/pages\/740","targetHints":{"allow":["GET"]}}],"collection":[{"href":"https:\/\/avaland-themetalopera.com\/index.php\/wp-json\/wp\/v2\/pages"}],"about":[{"href":"https:\/\/avaland-themetalopera.com\/index.php\/wp-json\/wp\/v2\/types\/page"}],"author":[{"embeddable":true,"href":"https:\/\/avaland-themetalopera.com\/index.php\/wp-json\/wp\/v2\/users\/1"}],"replies":[{"embeddable":true,"href":"https:\/\/avaland-themetalopera.com\/index.php\/wp-json\/wp\/v2\/comments?post=740"}],"version-history":[{"count":16,"href":"https:\/\/avaland-themetalopera.com\/index.php\/wp-json\/wp\/v2\/pages\/740\/revisions"}],"predecessor-version":[{"id":764,"href":"https:\/\/avaland-themetalopera.com\/index.php\/wp-json\/wp\/v2\/pages\/740\/revisions\/764"}],"wp:attachment":[{"href":"https:\/\/avaland-themetalopera.com\/index.php\/wp-json\/wp\/v2\/media?parent=740"}],"curies":[{"name":"wp","href":"https:\/\/api.w.org\/{rel}","templated":true}]}}